{"id":2431,"date":"2025-08-28T21:07:20","date_gmt":"2025-08-28T21:07:20","guid":{"rendered":"https:\/\/temascalcingo.gob.mx\/pagina\/?page_id=2431"},"modified":"2025-08-28T21:08:52","modified_gmt":"2025-08-28T21:08:52","slug":"catalogo-archivo-articulo-92","status":"publish","type":"page","link":"https:\/\/temascalcingo.gob.mx\/pagina\/catalogo-archivo-articulo-92\/","title":{"rendered":"Articulo 92 &#8211; Archivo"},"content":{"rendered":"\t\t<div data-elementor-type=\"wp-page\" data-elementor-id=\"2431\" class=\"elementor elementor-2431\">\n\t\t\t\t<div class=\"elementor-element elementor-element-90f8eb1 e-flex e-con-boxed e-con e-parent\" data-id=\"90f8eb1\" data-element_type=\"container\" data-settings=\"{&quot;background_background&quot;:&quot;classic&quot;}\">\n\t\t\t\t\t<div class=\"e-con-inner\">\n\t\t<div class=\"elementor-element elementor-element-856adab e-con-full e-flex e-con e-child\" data-id=\"856adab\" data-element_type=\"container\">\n\t\t\t\t<\/div>\n\t\t\t\t\t<\/div>\n\t\t\t\t<\/div>\n\t\t<div class=\"elementor-element elementor-element-a3e087a e-flex e-con-boxed e-con e-parent\" data-id=\"a3e087a\" data-element_type=\"container\" data-settings=\"{&quot;background_background&quot;:&quot;classic&quot;}\">\n\t\t\t\t\t<div class=\"e-con-inner\">\n\t\t<div class=\"elementor-element elementor-element-ec3017a e-con-full e-flex e-con e-child\" data-id=\"ec3017a\" data-element_type=\"container\">\n\t\t\t\t<div class=\"elementor-element elementor-element-934e3f5 elementor-widget elementor-widget-eael-adv-accordion\" data-id=\"934e3f5\" data-element_type=\"widget\" data-widget_type=\"eael-adv-accordion.default\">\n\t\t\t\t<div class=\"elementor-widget-container\">\n\t\t\t\t\t        <div class=\"eael-adv-accordion\" id=\"eael-adv-accordion-934e3f5\" data-scroll-on-click=\"no\" data-scroll-speed=\"300\" data-accordion-id=\"934e3f5\" data-accordion-type=\"accordion\" data-toogle-speed=\"300\">\n    <div class=\"eael-accordion-list\">\n                <div id=\"cuadro-general-de-clasificacin-archivistica\" class=\"elementor-tab-title eael-accordion-header\" tabindex=\"0\" data-tab=\"1\" aria-controls=\"elementor-tab-content-1541\"><span class=\"eael-advanced-accordion-icon-closed\"><i aria-hidden=\"true\" class=\"fa-accordion-icon fas fa-plus\"><\/i><\/span><span class=\"eael-advanced-accordion-icon-opened\"><i aria-hidden=\"true\" class=\"fa-accordion-icon fas fa-minus\"><\/i><\/span><span class=\"eael-accordion-tab-title\">Cuadro General de Clasificaci\u00f3n Archivistica<\/span><i aria-hidden=\"true\" class=\"fa-toggle fas fa-angle-right\"><\/i><\/div><div id=\"elementor-tab-content-1541\" class=\"eael-accordion-content clearfix\" data-tab=\"1\" aria-labelledby=\"cuadro-general-de-clasificacin-archivistica\"><p><a href=\"https:\/\/temascalcingo.gob.mx\/pagina\/wp-content\/uploads\/2025\/08\/CUADRO-GENERAL-DE-CLASIFICACION-ARCHIVISTICA-TEMASCALCINGO-ESTADO-DE-MEXICO.pdf\" target=\"_blank\" rel=\"noopener\">CUADRO GENERAL DE CLASIFICACI\u00d3N ARCHIVISTICA<\/a><\/p><\/div>\n                <\/div><div class=\"eael-accordion-list\">\n                <div id=\"catlogo-de-disposicin-documental\" class=\"elementor-tab-title eael-accordion-header\" tabindex=\"0\" data-tab=\"2\" aria-controls=\"elementor-tab-content-1542\"><span class=\"eael-advanced-accordion-icon-closed\"><i aria-hidden=\"true\" class=\"fa-accordion-icon fas fa-plus\"><\/i><\/span><span class=\"eael-advanced-accordion-icon-opened\"><i aria-hidden=\"true\" class=\"fa-accordion-icon fas fa-minus\"><\/i><\/span><span class=\"eael-accordion-tab-title\">Cat\u00e1logo de Disposici\u00f3n Documental<\/span><i aria-hidden=\"true\" class=\"fa-toggle fas fa-angle-right\"><\/i><\/div><div id=\"elementor-tab-content-1542\" class=\"eael-accordion-content clearfix\" data-tab=\"2\" aria-labelledby=\"catlogo-de-disposicin-documental\"><p><a href=\"https:\/\/temascalcingo.gob.mx\/pagina\/wp-content\/uploads\/2025\/08\/CATALOGO-DE-DISPOSICION-DOCUMENTAL.pdf\" target=\"_blank\" rel=\"noopener\">CATALOGO DE DISPOSICI\u00d3N DOCUMENTAL<\/a><\/p><\/div>\n                <\/div><\/div>\t\t\t\t<\/div>\n\t\t\t\t<\/div>\n\t\t\t\t<\/div>\n\t\t\t\t\t<\/div>\n\t\t\t\t<\/div>\n\t\t\t\t<\/div>\n\t\t\n    <div class=\"xs_social_share_widget xs_share_url after_content \t\tmain_content  wslu-style-1 wslu-share-box-shaped wslu-fill-colored wslu-none wslu-share-horizontal wslu-theme-font-no wslu-main_content\">\n\n\t\t\n        <ul>\n\t\t\t        <\/ul>\n    <\/div> \n","protected":false},"excerpt":{"rendered":"<p>TRANSPARENCIA Cuadro General de Clasificaci\u00f3n Archivistica CUADRO GENERAL DE CLASIFICACI\u00d3N ARCHIVISTICA Cat\u00e1logo de Disposici\u00f3n Documental CATALOGO DE DISPOSICI\u00d3N DOCUMENTAL<\/p>\n","protected":false},"author":3,"featured_media":0,"parent":0,"menu_order":0,"comment_status":"closed","ping_status":"closed","template":"","meta":{"site-sidebar-layout":"no-sidebar","site-content-layout":"page-builder","ast-site-content-layout":"default","site-content-style":"default","site-sidebar-style":"default","ast-global-header-display":"","ast-banner-title-visibility":"","ast-main-header-display":"","ast-hfb-above-header-display":"","ast-hfb-below-header-display":"","ast-hfb-mobile-header-display":"","site-post-title":"disabled","ast-breadcrumbs-content":"","ast-featured-img":"disabled","footer-sml-layout":"","theme-transparent-header-meta":"enabled","adv-header-id-meta":"","stick-header-meta":"","header-above-stick-meta":"","header-main-stick-meta":"","header-below-stick-meta":"","astra-migrate-meta-layouts":"default","ast-page-background-enabled":"default","ast-page-background-meta":{"desktop":{"background-color":"","background-image":"","background-repeat":"repeat","background-position":"center center","background-size":"auto","background-attachment":"scroll","background-type":"","background-media":"","overlay-type":"","overlay-color":"","overlay-opacity":"","overlay-gradient":""},"tablet":{"background-color":"","background-image":"","background-repeat":"repeat","background-position":"center center","background-size":"auto","background-attachment":"scroll","background-type":"","background-media":"","overlay-type":"","overlay-color":"","overlay-opacity":"","overlay-gradient":""},"mobile":{"background-color":"","background-image":"","background-repeat":"repeat","background-position":"center center","background-size":"auto","background-attachment":"scroll","background-type":"","background-media":"","overlay-type":"","overlay-color":"","overlay-opacity":"","overlay-gradient":""}},"ast-content-background-meta":{"desktop":{"background-color":"var(--ast-global-color-5)","background-image":"","background-repeat":"repeat","background-position":"center center","background-size":"auto","background-attachment":"scroll","background-type":"","background-media":"","overlay-type":"","overlay-color":"","overlay-opacity":"","overlay-gradient":""},"tablet":{"background-color":"var(--ast-global-color-5)","background-image":"","background-repeat":"repeat","background-position":"center center","background-size":"auto","background-attachment":"scroll","background-type":"","background-media":"","overlay-type":"","overlay-color":"","overlay-opacity":"","overlay-gradient":""},"mobile":{"background-color":"var(--ast-global-color-5)","background-image":"","background-repeat":"repeat","background-position":"center center","background-size":"auto","background-attachment":"scroll","background-type":"","background-media":"","overlay-type":"","overlay-color":"","overlay-opacity":"","overlay-gradient":""}},"footnotes":""},"class_list":["post-2431","page","type-page","status-publish","hentry"],"_links":{"self":[{"href":"https:\/\/temascalcingo.gob.mx\/pagina\/wp-json\/wp\/v2\/pages\/2431","targetHints":{"allow":["GET"]}}],"collection":[{"href":"https:\/\/temascalcingo.gob.mx\/pagina\/wp-json\/wp\/v2\/pages"}],"about":[{"href":"https:\/\/temascalcingo.gob.mx\/pagina\/wp-json\/wp\/v2\/types\/page"}],"author":[{"embeddable":true,"href":"https:\/\/temascalcingo.gob.mx\/pagina\/wp-json\/wp\/v2\/users\/3"}],"replies":[{"embeddable":true,"href":"https:\/\/temascalcingo.gob.mx\/pagina\/wp-json\/wp\/v2\/comments?post=2431"}],"version-history":[{"count":4,"href":"https:\/\/temascalcingo.gob.mx\/pagina\/wp-json\/wp\/v2\/pages\/2431\/revisions"}],"predecessor-version":[{"id":2437,"href":"https:\/\/temascalcingo.gob.mx\/pagina\/wp-json\/wp\/v2\/pages\/2431\/revisions\/2437"}],"wp:attachment":[{"href":"https:\/\/temascalcingo.gob.mx\/pagina\/wp-json\/wp\/v2\/media?parent=2431"}],"curies":[{"name":"wp","href":"https:\/\/api.w.org\/{rel}","templated":true}]}}