{"id":1222,"date":"2025-07-02T18:53:21","date_gmt":"2025-07-02T18:53:21","guid":{"rendered":"https:\/\/temascalcingo.gob.mx\/pagina\/?page_id=1222"},"modified":"2025-11-18T17:22:04","modified_gmt":"2025-11-18T17:22:04","slug":"convocatorias","status":"publish","type":"page","link":"https:\/\/temascalcingo.gob.mx\/pagina\/normativa\/convocatorias\/","title":{"rendered":"Convocatorias"},"content":{"rendered":"\t\t<div data-elementor-type=\"wp-page\" data-elementor-id=\"1222\" class=\"elementor elementor-1222\">\n\t\t\t\t<div class=\"elementor-element elementor-element-90f8eb1 e-flex e-con-boxed e-con e-parent\" data-id=\"90f8eb1\" data-element_type=\"container\" data-settings=\"{&quot;background_background&quot;:&quot;classic&quot;}\">\n\t\t\t\t\t<div class=\"e-con-inner\">\n\t\t<div class=\"elementor-element elementor-element-856adab e-con-full e-flex e-con e-child\" data-id=\"856adab\" data-element_type=\"container\">\n\t\t\t\t<div class=\"elementor-element elementor-element-6ffa0b8 elementor-widget elementor-widget-heading\" data-id=\"6ffa0b8\" data-element_type=\"widget\" data-widget_type=\"heading.default\">\n\t\t\t\t<div class=\"elementor-widget-container\">\n\t\t\t\t\t<h1 class=\"elementor-heading-title elementor-size-default\">CONVOCATORIAS<\/h1>\t\t\t\t<\/div>\n\t\t\t\t<\/div>\n\t\t\t\t<\/div>\n\t\t\t\t\t<\/div>\n\t\t\t\t<\/div>\n\t\t<div class=\"elementor-element elementor-element-a3e087a e-flex e-con-boxed e-con e-parent\" data-id=\"a3e087a\" data-element_type=\"container\" data-settings=\"{&quot;background_background&quot;:&quot;classic&quot;}\">\n\t\t\t\t\t<div class=\"e-con-inner\">\n\t\t<div class=\"elementor-element elementor-element-ec3017a e-con-full e-flex e-con e-child\" data-id=\"ec3017a\" data-element_type=\"container\">\n\t\t\t\t<div class=\"elementor-element elementor-element-5cda607 elementor-widget elementor-widget-heading\" data-id=\"5cda607\" data-element_type=\"widget\" data-widget_type=\"heading.default\">\n\t\t\t\t<div class=\"elementor-widget-container\">\n\t\t\t\t\t<h2 class=\"elementor-heading-title elementor-size-default\">Convocatorias<\/h2>\t\t\t\t<\/div>\n\t\t\t\t<\/div>\n\t\t<div class=\"elementor-element elementor-element-07f744c e-grid e-con-full e-con e-child\" data-id=\"07f744c\" data-element_type=\"container\">\n\t\t\t\t<div class=\"elementor-element elementor-element-74583fe elementor-position-top elementor-widget elementor-widget-image-box\" data-id=\"74583fe\" data-element_type=\"widget\" data-widget_type=\"image-box.default\">\n\t\t\t\t<div class=\"elementor-widget-container\">\n\t\t\t\t\t<div class=\"elementor-image-box-wrapper\"><figure class=\"elementor-image-box-img\"><a href=\"https:\/\/temascalcingo.gob.mx\/pagina\/wp-content\/uploads\/2025\/11\/Convocatoria-Policia-Municipal.jpg\" tabindex=\"-1\"><img fetchpriority=\"high\" decoding=\"async\" width=\"630\" height=\"1280\" src=\"https:\/\/temascalcingo.gob.mx\/pagina\/wp-content\/uploads\/2025\/11\/Convocatoria-Policia-Municipal.jpg\" class=\"attachment-full size-full wp-image-3198\" alt=\"\" srcset=\"https:\/\/temascalcingo.gob.mx\/pagina\/wp-content\/uploads\/2025\/11\/Convocatoria-Policia-Municipal.jpg 630w, https:\/\/temascalcingo.gob.mx\/pagina\/wp-content\/uploads\/2025\/11\/Convocatoria-Policia-Municipal-148x300.jpg 148w, https:\/\/temascalcingo.gob.mx\/pagina\/wp-content\/uploads\/2025\/11\/Convocatoria-Policia-Municipal-504x1024.jpg 504w\" sizes=\"(max-width: 630px) 100vw, 630px\" \/><\/a><\/figure><div class=\"elementor-image-box-content\"><h3 class=\"elementor-image-box-title\"><a href=\"https:\/\/temascalcingo.gob.mx\/pagina\/wp-content\/uploads\/2025\/11\/Convocatoria-Policia-Municipal.jpg\">Convocatoria para Polic\u00eda Municipal<\/a><\/h3><\/div><\/div>\t\t\t\t<\/div>\n\t\t\t\t<\/div>\n\t\t\t\t<div class=\"elementor-element elementor-element-df94ee5 elementor-position-top elementor-widget elementor-widget-image-box\" data-id=\"df94ee5\" data-element_type=\"widget\" data-widget_type=\"image-box.default\">\n\t\t\t\t<div class=\"elementor-widget-container\">\n\t\t\t\t\t<div class=\"elementor-image-box-wrapper\"><figure class=\"elementor-image-box-img\"><a href=\"https:\/\/temascalcingo.gob.mx\/pagina\/wp-content\/uploads\/2025\/07\/CONVOCATORIA-DERECHOS-HUMANOS-min-scaled.png\" target=\"_blank\" tabindex=\"-1\"><img decoding=\"async\" width=\"741\" height=\"1024\" src=\"https:\/\/temascalcingo.gob.mx\/pagina\/wp-content\/uploads\/2025\/07\/CONVOCATORIA-DERECHOS-HUMANOS-min-741x1024.png\" class=\"attachment-large size-large wp-image-1230\" alt=\"\" srcset=\"https:\/\/temascalcingo.gob.mx\/pagina\/wp-content\/uploads\/2025\/07\/CONVOCATORIA-DERECHOS-HUMANOS-min-741x1024.png 741w, https:\/\/temascalcingo.gob.mx\/pagina\/wp-content\/uploads\/2025\/07\/CONVOCATORIA-DERECHOS-HUMANOS-min-217x300.png 217w, https:\/\/temascalcingo.gob.mx\/pagina\/wp-content\/uploads\/2025\/07\/CONVOCATORIA-DERECHOS-HUMANOS-min-768x1061.png 768w, https:\/\/temascalcingo.gob.mx\/pagina\/wp-content\/uploads\/2025\/07\/CONVOCATORIA-DERECHOS-HUMANOS-min-1112x1536.png 1112w, https:\/\/temascalcingo.gob.mx\/pagina\/wp-content\/uploads\/2025\/07\/CONVOCATORIA-DERECHOS-HUMANOS-min-1482x2048.png 1482w, https:\/\/temascalcingo.gob.mx\/pagina\/wp-content\/uploads\/2025\/07\/CONVOCATORIA-DERECHOS-HUMANOS-min-scaled.png 1853w\" sizes=\"(max-width: 741px) 100vw, 741px\" \/><\/a><\/figure><div class=\"elementor-image-box-content\"><h3 class=\"elementor-image-box-title\"><a href=\"https:\/\/temascalcingo.gob.mx\/pagina\/wp-content\/uploads\/2025\/07\/CONVOCATORIA-DERECHOS-HUMANOS-min-scaled.png\" target=\"_blank\">Convocatoria para Defensor de Derechos Humanos<\/a><\/h3><\/div><\/div>\t\t\t\t<\/div>\n\t\t\t\t<\/div>\n\t\t\t\t<div class=\"elementor-element elementor-element-6cf0418 elementor-position-top elementor-widget elementor-widget-image-box\" data-id=\"6cf0418\" data-element_type=\"widget\" data-widget_type=\"image-box.default\">\n\t\t\t\t<div class=\"elementor-widget-container\">\n\t\t\t\t\t<div class=\"elementor-image-box-wrapper\"><figure class=\"elementor-image-box-img\"><a href=\"https:\/\/temascalcingo.gob.mx\/pagina\/wp-content\/uploads\/2025\/07\/convocatoria-delegados-min.jpg\" target=\"_blank\" tabindex=\"-1\"><img decoding=\"async\" width=\"641\" height=\"1024\" src=\"https:\/\/temascalcingo.gob.mx\/pagina\/wp-content\/uploads\/2025\/07\/convocatoria-delegados-min-641x1024.jpg\" class=\"attachment-large size-large wp-image-1229\" alt=\"\" srcset=\"https:\/\/temascalcingo.gob.mx\/pagina\/wp-content\/uploads\/2025\/07\/convocatoria-delegados-min-641x1024.jpg 641w, https:\/\/temascalcingo.gob.mx\/pagina\/wp-content\/uploads\/2025\/07\/convocatoria-delegados-min-188x300.jpg 188w, https:\/\/temascalcingo.gob.mx\/pagina\/wp-content\/uploads\/2025\/07\/convocatoria-delegados-min-768x1228.jpg 768w, https:\/\/temascalcingo.gob.mx\/pagina\/wp-content\/uploads\/2025\/07\/convocatoria-delegados-min.jpg 792w\" sizes=\"(max-width: 641px) 100vw, 641px\" \/><\/a><\/figure><div class=\"elementor-image-box-content\"><h3 class=\"elementor-image-box-title\"><a href=\"https:\/\/temascalcingo.gob.mx\/pagina\/wp-content\/uploads\/2025\/07\/convocatoria-delegados-min.jpg\" target=\"_blank\">Convocatoria para Autoridades Auxiliares<\/a><\/h3><\/div><\/div>\t\t\t\t<\/div>\n\t\t\t\t<\/div>\n\t\t\t\t<div class=\"elementor-element elementor-element-c8e0f65 elementor-position-top elementor-widget elementor-widget-image-box\" data-id=\"c8e0f65\" data-element_type=\"widget\" data-widget_type=\"image-box.default\">\n\t\t\t\t<div class=\"elementor-widget-container\">\n\t\t\t\t\t<div class=\"elementor-image-box-wrapper\"><figure class=\"elementor-image-box-img\"><a href=\"https:\/\/temascalcingo.gob.mx\/pagina\/wp-content\/uploads\/2025\/07\/convocatoria-CRONISTA-min.png\" target=\"_blank\" tabindex=\"-1\"><img loading=\"lazy\" decoding=\"async\" width=\"736\" height=\"1024\" src=\"https:\/\/temascalcingo.gob.mx\/pagina\/wp-content\/uploads\/2025\/07\/convocatoria-CRONISTA-min-736x1024.png\" class=\"attachment-large size-large wp-image-1228\" alt=\"\" srcset=\"https:\/\/temascalcingo.gob.mx\/pagina\/wp-content\/uploads\/2025\/07\/convocatoria-CRONISTA-min-736x1024.png 736w, https:\/\/temascalcingo.gob.mx\/pagina\/wp-content\/uploads\/2025\/07\/convocatoria-CRONISTA-min-215x300.png 215w, https:\/\/temascalcingo.gob.mx\/pagina\/wp-content\/uploads\/2025\/07\/convocatoria-CRONISTA-min-768x1069.png 768w, https:\/\/temascalcingo.gob.mx\/pagina\/wp-content\/uploads\/2025\/07\/convocatoria-CRONISTA-min-1103x1536.png 1103w, https:\/\/temascalcingo.gob.mx\/pagina\/wp-content\/uploads\/2025\/07\/convocatoria-CRONISTA-min-1471x2048.png 1471w, https:\/\/temascalcingo.gob.mx\/pagina\/wp-content\/uploads\/2025\/07\/convocatoria-CRONISTA-min.png 1650w\" sizes=\"(max-width: 736px) 100vw, 736px\" \/><\/a><\/figure><div class=\"elementor-image-box-content\"><h3 class=\"elementor-image-box-title\"><a href=\"https:\/\/temascalcingo.gob.mx\/pagina\/wp-content\/uploads\/2025\/07\/convocatoria-CRONISTA-min.png\" target=\"_blank\">Convocatoria para Cronista Municipal<\/a><\/h3><\/div><\/div>\t\t\t\t<\/div>\n\t\t\t\t<\/div>\n\t\t\t\t<div class=\"elementor-element elementor-element-38c64f7 elementor-position-top elementor-widget elementor-widget-image-box\" data-id=\"38c64f7\" data-element_type=\"widget\" data-widget_type=\"image-box.default\">\n\t\t\t\t<div class=\"elementor-widget-container\">\n\t\t\t\t\t<div class=\"elementor-image-box-wrapper\"><figure class=\"elementor-image-box-img\"><a href=\"https:\/\/temascalcingo.gob.mx\/pagina\/wp-content\/uploads\/2025\/07\/convocatoria-CIVICO-min-scaled.png\" target=\"_blank\" tabindex=\"-1\"><img loading=\"lazy\" decoding=\"async\" width=\"579\" height=\"1024\" src=\"https:\/\/temascalcingo.gob.mx\/pagina\/wp-content\/uploads\/2025\/07\/convocatoria-CIVICO-min-579x1024.png\" class=\"attachment-large size-large wp-image-1227\" alt=\"\" srcset=\"https:\/\/temascalcingo.gob.mx\/pagina\/wp-content\/uploads\/2025\/07\/convocatoria-CIVICO-min-579x1024.png 579w, https:\/\/temascalcingo.gob.mx\/pagina\/wp-content\/uploads\/2025\/07\/convocatoria-CIVICO-min-170x300.png 170w, https:\/\/temascalcingo.gob.mx\/pagina\/wp-content\/uploads\/2025\/07\/convocatoria-CIVICO-min-768x1358.png 768w, https:\/\/temascalcingo.gob.mx\/pagina\/wp-content\/uploads\/2025\/07\/convocatoria-CIVICO-min-869x1536.png 869w, https:\/\/temascalcingo.gob.mx\/pagina\/wp-content\/uploads\/2025\/07\/convocatoria-CIVICO-min-1158x2048.png 1158w, https:\/\/temascalcingo.gob.mx\/pagina\/wp-content\/uploads\/2025\/07\/convocatoria-CIVICO-min-scaled.png 1448w\" sizes=\"(max-width: 579px) 100vw, 579px\" \/><\/a><\/figure><div class=\"elementor-image-box-content\"><h3 class=\"elementor-image-box-title\"><a href=\"https:\/\/temascalcingo.gob.mx\/pagina\/wp-content\/uploads\/2025\/07\/convocatoria-CIVICO-min-scaled.png\" target=\"_blank\">Convocatoria para Personal del Juzgado C\u00edvico<\/a><\/h3><\/div><\/div>\t\t\t\t<\/div>\n\t\t\t\t<\/div>\n\t\t\t\t<div class=\"elementor-element elementor-element-df408f0 elementor-position-top elementor-widget elementor-widget-image-box\" data-id=\"df408f0\" data-element_type=\"widget\" data-widget_type=\"image-box.default\">\n\t\t\t\t<div class=\"elementor-widget-container\">\n\t\t\t\t\t<div class=\"elementor-image-box-wrapper\"><figure class=\"elementor-image-box-img\"><a href=\"https:\/\/temascalcingo.gob.mx\/pagina\/wp-content\/uploads\/2025\/07\/2da-convocatoria-CRONISTA-min.png\" tabindex=\"-1\"><img loading=\"lazy\" decoding=\"async\" width=\"680\" height=\"1024\" src=\"https:\/\/temascalcingo.gob.mx\/pagina\/wp-content\/uploads\/2025\/07\/2da-convocatoria-CRONISTA-min-680x1024.png\" class=\"attachment-large size-large wp-image-1224\" alt=\"\" srcset=\"https:\/\/temascalcingo.gob.mx\/pagina\/wp-content\/uploads\/2025\/07\/2da-convocatoria-CRONISTA-min-680x1024.png 680w, https:\/\/temascalcingo.gob.mx\/pagina\/wp-content\/uploads\/2025\/07\/2da-convocatoria-CRONISTA-min-199x300.png 199w, https:\/\/temascalcingo.gob.mx\/pagina\/wp-content\/uploads\/2025\/07\/2da-convocatoria-CRONISTA-min-768x1156.png 768w, https:\/\/temascalcingo.gob.mx\/pagina\/wp-content\/uploads\/2025\/07\/2da-convocatoria-CRONISTA-min.png 792w\" sizes=\"(max-width: 680px) 100vw, 680px\" \/><\/a><\/figure><div class=\"elementor-image-box-content\"><h3 class=\"elementor-image-box-title\"><a href=\"https:\/\/temascalcingo.gob.mx\/pagina\/wp-content\/uploads\/2025\/07\/2da-convocatoria-CRONISTA-min.png\">Segunda Convocatoria para Cronista Municipal<\/a><\/h3><\/div><\/div>\t\t\t\t<\/div>\n\t\t\t\t<\/div>\n\t\t\t\t<div class=\"elementor-element elementor-element-bfb6dbd elementor-position-top elementor-widget elementor-widget-image-box\" data-id=\"bfb6dbd\" data-element_type=\"widget\" data-widget_type=\"image-box.default\">\n\t\t\t\t<div class=\"elementor-widget-container\">\n\t\t\t\t\t<div class=\"elementor-image-box-wrapper\"><figure class=\"elementor-image-box-img\"><a href=\"https:\/\/temascalcingo.gob.mx\/pagina\/wp-content\/uploads\/2025\/07\/2daconvocatoria-CIVICO-min-scaled.png\" target=\"_blank\" tabindex=\"-1\"><img loading=\"lazy\" decoding=\"async\" width=\"547\" height=\"1024\" src=\"https:\/\/temascalcingo.gob.mx\/pagina\/wp-content\/uploads\/2025\/07\/2daconvocatoria-CIVICO-min-547x1024.png\" class=\"attachment-large size-large wp-image-1225\" alt=\"\" srcset=\"https:\/\/temascalcingo.gob.mx\/pagina\/wp-content\/uploads\/2025\/07\/2daconvocatoria-CIVICO-min-547x1024.png 547w, https:\/\/temascalcingo.gob.mx\/pagina\/wp-content\/uploads\/2025\/07\/2daconvocatoria-CIVICO-min-160x300.png 160w, https:\/\/temascalcingo.gob.mx\/pagina\/wp-content\/uploads\/2025\/07\/2daconvocatoria-CIVICO-min-768x1439.png 768w, https:\/\/temascalcingo.gob.mx\/pagina\/wp-content\/uploads\/2025\/07\/2daconvocatoria-CIVICO-min-820x1536.png 820w, https:\/\/temascalcingo.gob.mx\/pagina\/wp-content\/uploads\/2025\/07\/2daconvocatoria-CIVICO-min-1093x2048.png 1093w, https:\/\/temascalcingo.gob.mx\/pagina\/wp-content\/uploads\/2025\/07\/2daconvocatoria-CIVICO-min-scaled.png 1367w\" sizes=\"(max-width: 547px) 100vw, 547px\" \/><\/a><\/figure><div class=\"elementor-image-box-content\"><h3 class=\"elementor-image-box-title\"><a href=\"https:\/\/temascalcingo.gob.mx\/pagina\/wp-content\/uploads\/2025\/07\/2daconvocatoria-CIVICO-min-scaled.png\" target=\"_blank\">Segunda Convocatoria para Personal del Juzgado C\u00edvico<\/a><\/h3><\/div><\/div>\t\t\t\t<\/div>\n\t\t\t\t<\/div>\n\t\t\t\t<div class=\"elementor-element elementor-element-e3f475e elementor-position-top elementor-widget elementor-widget-image-box\" data-id=\"e3f475e\" data-element_type=\"widget\" data-widget_type=\"image-box.default\">\n\t\t\t\t<div class=\"elementor-widget-container\">\n\t\t\t\t\t<div class=\"elementor-image-box-wrapper\"><figure class=\"elementor-image-box-img\"><a href=\"https:\/\/temascalcingo.gob.mx\/pagina\/wp-content\/uploads\/2025\/07\/3raconvocatoria-CIVICO-min.png\" target=\"_blank\" tabindex=\"-1\"><img loading=\"lazy\" decoding=\"async\" width=\"547\" height=\"1024\" src=\"https:\/\/temascalcingo.gob.mx\/pagina\/wp-content\/uploads\/2025\/07\/3raconvocatoria-CIVICO-min-547x1024.png\" class=\"attachment-large size-large wp-image-1226\" alt=\"\" srcset=\"https:\/\/temascalcingo.gob.mx\/pagina\/wp-content\/uploads\/2025\/07\/3raconvocatoria-CIVICO-min-547x1024.png 547w, https:\/\/temascalcingo.gob.mx\/pagina\/wp-content\/uploads\/2025\/07\/3raconvocatoria-CIVICO-min-160x300.png 160w, https:\/\/temascalcingo.gob.mx\/pagina\/wp-content\/uploads\/2025\/07\/3raconvocatoria-CIVICO-min-768x1439.png 768w, https:\/\/temascalcingo.gob.mx\/pagina\/wp-content\/uploads\/2025\/07\/3raconvocatoria-CIVICO-min.png 792w\" sizes=\"(max-width: 547px) 100vw, 547px\" \/><\/a><\/figure><div class=\"elementor-image-box-content\"><h3 class=\"elementor-image-box-title\"><a href=\"https:\/\/temascalcingo.gob.mx\/pagina\/wp-content\/uploads\/2025\/07\/3raconvocatoria-CIVICO-min.png\" target=\"_blank\">Tercera Convocatoria para Personal del Juzgado C\u00edvico<\/a><\/h3><\/div><\/div>\t\t\t\t<\/div>\n\t\t\t\t<\/div>\n\t\t\t\t<div class=\"elementor-element elementor-element-f9793cc elementor-position-top elementor-widget elementor-widget-image-box\" data-id=\"f9793cc\" data-element_type=\"widget\" data-widget_type=\"image-box.default\">\n\t\t\t\t<div class=\"elementor-widget-container\">\n\t\t\t\t\t<div class=\"elementor-image-box-wrapper\"><figure class=\"elementor-image-box-img\"><a href=\"https:\/\/temascalcingo.gob.mx\/pagina\/wp-content\/uploads\/2025\/07\/3raconvocatoria-CIVICO-min.png\" target=\"_blank\" tabindex=\"-1\"><img loading=\"lazy\" decoding=\"async\" width=\"705\" height=\"1024\" src=\"https:\/\/temascalcingo.gob.mx\/pagina\/wp-content\/uploads\/2025\/07\/3ra-convocatoria-CRONISTA_Mesa-de-trabajo-1-min-705x1024.png\" class=\"attachment-large size-large wp-image-1964\" alt=\"\" srcset=\"https:\/\/temascalcingo.gob.mx\/pagina\/wp-content\/uploads\/2025\/07\/3ra-convocatoria-CRONISTA_Mesa-de-trabajo-1-min-705x1024.png 705w, https:\/\/temascalcingo.gob.mx\/pagina\/wp-content\/uploads\/2025\/07\/3ra-convocatoria-CRONISTA_Mesa-de-trabajo-1-min-207x300.png 207w, https:\/\/temascalcingo.gob.mx\/pagina\/wp-content\/uploads\/2025\/07\/3ra-convocatoria-CRONISTA_Mesa-de-trabajo-1-min-768x1115.png 768w, https:\/\/temascalcingo.gob.mx\/pagina\/wp-content\/uploads\/2025\/07\/3ra-convocatoria-CRONISTA_Mesa-de-trabajo-1-min-1058x1536.png 1058w, https:\/\/temascalcingo.gob.mx\/pagina\/wp-content\/uploads\/2025\/07\/3ra-convocatoria-CRONISTA_Mesa-de-trabajo-1-min-1411x2048.png 1411w, https:\/\/temascalcingo.gob.mx\/pagina\/wp-content\/uploads\/2025\/07\/3ra-convocatoria-CRONISTA_Mesa-de-trabajo-1-min.png 1650w\" sizes=\"(max-width: 705px) 100vw, 705px\" \/><\/a><\/figure><div class=\"elementor-image-box-content\"><h3 class=\"elementor-image-box-title\"><a href=\"https:\/\/temascalcingo.gob.mx\/pagina\/wp-content\/uploads\/2025\/07\/3raconvocatoria-CIVICO-min.png\" target=\"_blank\">Tercera Convocatoria para Cronista Municipal<\/a><\/h3><\/div><\/div>\t\t\t\t<\/div>\n\t\t\t\t<\/div>\n\t\t\t\t<div class=\"elementor-element elementor-element-d6581b2 elementor-position-top elementor-widget elementor-widget-image-box\" data-id=\"d6581b2\" data-element_type=\"widget\" data-widget_type=\"image-box.default\">\n\t\t\t\t<div class=\"elementor-widget-container\">\n\t\t\t\t\t<div class=\"elementor-image-box-wrapper\"><figure class=\"elementor-image-box-img\"><a href=\"https:\/\/temascalcingo.gob.mx\/pagina\/wp-content\/uploads\/2025\/07\/3raconvocatoria-CIVICO-min.png\" target=\"_blank\" tabindex=\"-1\"><img loading=\"lazy\" decoding=\"async\" width=\"621\" height=\"1024\" src=\"https:\/\/temascalcingo.gob.mx\/pagina\/wp-content\/uploads\/2025\/07\/4taconvocatoria-CIVICO_Mesa-de-trabajo-1-min-621x1024.png\" class=\"attachment-large size-large wp-image-1965\" alt=\"\" srcset=\"https:\/\/temascalcingo.gob.mx\/pagina\/wp-content\/uploads\/2025\/07\/4taconvocatoria-CIVICO_Mesa-de-trabajo-1-min-621x1024.png 621w, https:\/\/temascalcingo.gob.mx\/pagina\/wp-content\/uploads\/2025\/07\/4taconvocatoria-CIVICO_Mesa-de-trabajo-1-min-182x300.png 182w, https:\/\/temascalcingo.gob.mx\/pagina\/wp-content\/uploads\/2025\/07\/4taconvocatoria-CIVICO_Mesa-de-trabajo-1-min-768x1267.png 768w, https:\/\/temascalcingo.gob.mx\/pagina\/wp-content\/uploads\/2025\/07\/4taconvocatoria-CIVICO_Mesa-de-trabajo-1-min-931x1536.png 931w, https:\/\/temascalcingo.gob.mx\/pagina\/wp-content\/uploads\/2025\/07\/4taconvocatoria-CIVICO_Mesa-de-trabajo-1-min-1242x2048.png 1242w, https:\/\/temascalcingo.gob.mx\/pagina\/wp-content\/uploads\/2025\/07\/4taconvocatoria-CIVICO_Mesa-de-trabajo-1-min-scaled.png 1552w\" sizes=\"(max-width: 621px) 100vw, 621px\" \/><\/a><\/figure><div class=\"elementor-image-box-content\"><h3 class=\"elementor-image-box-title\"><a href=\"https:\/\/temascalcingo.gob.mx\/pagina\/wp-content\/uploads\/2025\/07\/3raconvocatoria-CIVICO-min.png\" target=\"_blank\">Cuarta Convocatoria para Personal del Juzgado C\u00edvico<\/a><\/h3><\/div><\/div>\t\t\t\t<\/div>\n\t\t\t\t<\/div>\n\t\t\t\t<\/div>\n\t\t\t\t<\/div>\n\t\t\t\t\t<\/div>\n\t\t\t\t<\/div>\n\t\t<div class=\"elementor-element elementor-element-921e713 e-flex e-con-boxed e-con e-parent\" data-id=\"921e713\" data-element_type=\"container\">\n\t\t\t\t\t<div class=\"e-con-inner\">\n\t\t\t\t<div class=\"elementor-element elementor-element-a47f93d elementor-widget elementor-widget-spacer\" data-id=\"a47f93d\" data-element_type=\"widget\" data-widget_type=\"spacer.default\">\n\t\t\t\t<div class=\"elementor-widget-container\">\n\t\t\t\t\t\t\t<div class=\"elementor-spacer\">\n\t\t\t<div class=\"elementor-spacer-inner\"><\/div>\n\t\t<\/div>\n\t\t\t\t\t\t<\/div>\n\t\t\t\t<\/div>\n\t\t\t\t\t<\/div>\n\t\t\t\t<\/div>\n\t\t\t\t<\/div>\n\t\t\n    <div class=\"xs_social_share_widget xs_share_url after_content \t\tmain_content  wslu-style-1 wslu-share-box-shaped wslu-fill-colored wslu-none wslu-share-horizontal wslu-theme-font-no wslu-main_content\">\n\n\t\t\n        <ul>\n\t\t\t        <\/ul>\n    <\/div> \n","protected":false},"excerpt":{"rendered":"<p>CONVOCATORIAS Convocatorias Convocatoria para Polic\u00eda Municipal Convocatoria para Defensor de Derechos Humanos Convocatoria para Autoridades Auxiliares Convocatoria para Cronista Municipal Convocatoria para Personal del Juzgado C\u00edvico Segunda Convocatoria para Cronista Municipal Segunda Convocatoria para Personal del Juzgado C\u00edvico Tercera Convocatoria para Personal del Juzgado C\u00edvico Tercera Convocatoria para Cronista Municipal Cuarta Convocatoria para Personal del [&hellip;]<\/p>\n","protected":false},"author":1,"featured_media":0,"parent":147,"menu_order":0,"comment_status":"closed","ping_status":"closed","template":"","meta":{"site-sidebar-layout":"no-sidebar","site-content-layout":"page-builder","ast-site-content-layout":"default","site-content-style":"default","site-sidebar-style":"default","ast-global-header-display":"","ast-banner-title-visibility":"","ast-main-header-display":"","ast-hfb-above-header-display":"","ast-hfb-below-header-display":"","ast-hfb-mobile-header-display":"","site-post-title":"disabled","ast-breadcrumbs-content":"","ast-featured-img":"disabled","footer-sml-layout":"","theme-transparent-header-meta":"enabled","adv-header-id-meta":"","stick-header-meta":"","header-above-stick-meta":"","header-main-stick-meta":"","header-below-stick-meta":"","astra-migrate-meta-layouts":"default","ast-page-background-enabled":"default","ast-page-background-meta":{"desktop":{"background-color":"","background-image":"","background-repeat":"repeat","background-position":"center center","background-size":"auto","background-attachment":"scroll","background-type":"","background-media":"","overlay-type":"","overlay-color":"","overlay-opacity":"","overlay-gradient":""},"tablet":{"background-color":"","background-image":"","background-repeat":"repeat","background-position":"center center","background-size":"auto","background-attachment":"scroll","background-type":"","background-media":"","overlay-type":"","overlay-color":"","overlay-opacity":"","overlay-gradient":""},"mobile":{"background-color":"","background-image":"","background-repeat":"repeat","background-position":"center center","background-size":"auto","background-attachment":"scroll","background-type":"","background-media":"","overlay-type":"","overlay-color":"","overlay-opacity":"","overlay-gradient":""}},"ast-content-background-meta":{"desktop":{"background-color":"var(--ast-global-color-5)","background-image":"","background-repeat":"repeat","background-position":"center center","background-size":"auto","background-attachment":"scroll","background-type":"","background-media":"","overlay-type":"","overlay-color":"","overlay-opacity":"","overlay-gradient":""},"tablet":{"background-color":"var(--ast-global-color-5)","background-image":"","background-repeat":"repeat","background-position":"center center","background-size":"auto","background-attachment":"scroll","background-type":"","background-media":"","overlay-type":"","overlay-color":"","overlay-opacity":"","overlay-gradient":""},"mobile":{"background-color":"var(--ast-global-color-5)","background-image":"","background-repeat":"repeat","background-position":"center center","background-size":"auto","background-attachment":"scroll","background-type":"","background-media":"","overlay-type":"","overlay-color":"","overlay-opacity":"","overlay-gradient":""}},"footnotes":""},"class_list":["post-1222","page","type-page","status-publish","hentry"],"_links":{"self":[{"href":"https:\/\/temascalcingo.gob.mx\/pagina\/wp-json\/wp\/v2\/pages\/1222","targetHints":{"allow":["GET"]}}],"collection":[{"href":"https:\/\/temascalcingo.gob.mx\/pagina\/wp-json\/wp\/v2\/pages"}],"about":[{"href":"https:\/\/temascalcingo.gob.mx\/pagina\/wp-json\/wp\/v2\/types\/page"}],"author":[{"embeddable":true,"href":"https:\/\/temascalcingo.gob.mx\/pagina\/wp-json\/wp\/v2\/users\/1"}],"replies":[{"embeddable":true,"href":"https:\/\/temascalcingo.gob.mx\/pagina\/wp-json\/wp\/v2\/comments?post=1222"}],"version-history":[{"count":37,"href":"https:\/\/temascalcingo.gob.mx\/pagina\/wp-json\/wp\/v2\/pages\/1222\/revisions"}],"predecessor-version":[{"id":3519,"href":"https:\/\/temascalcingo.gob.mx\/pagina\/wp-json\/wp\/v2\/pages\/1222\/revisions\/3519"}],"up":[{"embeddable":true,"href":"https:\/\/temascalcingo.gob.mx\/pagina\/wp-json\/wp\/v2\/pages\/147"}],"wp:attachment":[{"href":"https:\/\/temascalcingo.gob.mx\/pagina\/wp-json\/wp\/v2\/media?parent=1222"}],"curies":[{"name":"wp","href":"https:\/\/api.w.org\/{rel}","templated":true}]}}